{"id":1568,"date":"2023-11-19T20:04:26","date_gmt":"2023-11-20T01:04:26","guid":{"rendered":"https:\/\/ltu.ca\/stage\/a-propos-du-sel\/"},"modified":"2024-05-08T10:26:04","modified_gmt":"2024-05-08T14:26:04","slug":"a-propos-du-sel","status":"publish","type":"page","link":"https:\/\/ltu.ca\/fr\/a-propos-du-sel\/","title":{"rendered":"\u00c0 propos du SEL"},"content":{"rendered":"\t\t<div data-elementor-type=\"wp-page\" data-elementor-id=\"1568\" class=\"elementor elementor-1568 elementor-824\" data-elementor-post-type=\"page\">\n\t\t\t\t<div class=\"elementor-element elementor-element-314979f e-flex e-con-boxed e-con e-parent\" data-id=\"314979f\" data-element_type=\"container\" data-settings=\"{&quot;background_background&quot;:&quot;gradient&quot;}\">\n\t\t\t\t\t<div class=\"e-con-inner\">\n\t\t\t\t<div class=\"elementor-element elementor-element-fc45285 elementor-widget elementor-widget-heading\" data-id=\"fc45285\" data-element_type=\"widget\" data-widget_type=\"heading.default\">\n\t\t\t\t<div class=\"elementor-widget-container\">\n\t\t\t\t\t<h1 class=\"elementor-heading-title elementor-size-default\">\u00c0 propos du SEL<\/h1>\t\t\t\t<\/div>\n\t\t\t\t<\/div>\n\t\t\t\t<div class=\"elementor-element elementor-element-e6584c5 elementor-widget__width-initial elementor-widget-mobile__width-initial elementor-widget elementor-widget-heading\" data-id=\"e6584c5\" data-element_type=\"widget\" data-widget_type=\"heading.default\">\n\t\t\t\t<div class=\"elementor-widget-container\">\n\t\t\t\t\t<h2 class=\"elementor-heading-title elementor-size-default\">\u00c0 la d\u00e9fense des enseignants depuis 1998<\/h2>\t\t\t\t<\/div>\n\t\t\t\t<\/div>\n\t\t\t\t\t<\/div>\n\t\t\t\t<\/div>\n\t\t<div class=\"elementor-element elementor-element-2e6458c e-flex e-con-boxed e-con e-parent\" data-id=\"2e6458c\" data-element_type=\"container\" id=\"story\">\n\t\t\t\t\t<div class=\"e-con-inner\">\n\t\t\t\t<div class=\"elementor-element elementor-element-5b7ac73 elementor-widget elementor-widget-heading\" data-id=\"5b7ac73\" data-element_type=\"widget\" data-widget_type=\"heading.default\">\n\t\t\t\t<div class=\"elementor-widget-container\">\n\t\t\t\t\t<h3 class=\"elementor-heading-title elementor-size-default\">Notre histoire<\/h3>\t\t\t\t<\/div>\n\t\t\t\t<\/div>\n\t\t\t\t<div class=\"elementor-element elementor-element-2df39ec elementor-widget-mobile__width-inherit elementor-invisible elementor-widget elementor-widget-text-editor\" data-id=\"2df39ec\" data-element_type=\"widget\" data-settings=\"{&quot;_animation&quot;:&quot;fadeIn&quot;}\" data-widget_type=\"text-editor.default\">\n\t\t\t\t<div class=\"elementor-widget-container\">\n\t\t\t\t\t\t\t\t\t<p>Notre syndicat est le fruit de la fusion, en 1998, de l\u2019Association des enseignants catholiques anglophones de Laval et du Syndicat des enseignants du Nord de l\u2019\u00cele.&nbsp; Anglophone \u00e0 l\u2019origine, notre commission scolaire a assum\u00e9 les responsabilit\u00e9s de huit commissions scolaires protestantes et catholiques. Elle administre actuellement 42 \u00e9tablissements d\u2019enseignement et centres de formation.&nbsp; Notre syndicat rencontre r\u00e9guli\u00e8rement la commission scolaire pour passer en revue les politiques p\u00e9dagogiques, d\u00e9cider de l\u2019utilisation des subventions de perfectionnement professionnel,&nbsp; professionnel,&nbsp; \u00e9laborer&nbsp; des&nbsp; politiques&nbsp; et des proc\u00e9dures en ce qui concerne les enfants ayant des besoins particuliers (Comit\u00e9 paritaire d\u2019\u00e9ducation sp\u00e9cialis\u00e9e), former de nouveaux enseignants (Comit\u00e9 de formation des enseignants) et \u00e9tudier conjointement des questions portant sur l\u2019interpr\u00e9tation de&nbsp; &nbsp; &nbsp; &nbsp; &nbsp; notre convention collective (Comit\u00e9 des relations de travail).<br \/><span style=\"color: var( --e-global-color-text );\"><br \/>Avec plus de 1200 membres \u0153uvrant dans trois secteurs (jeunes, adultes et formation professionnelle), cela repr\u00e9sente une forte somme de travail. Notre &nbsp; syndicat compte sur les efforts b\u00e9n\u00e9voles d\u2019innombrables enseignants actifs au sein de notre ex\u00e9cutif et de notre conseil d\u2019administration, ainsi que dans divers comit\u00e9s ou en tant que d\u00e9l\u00e9gu\u00e9s scolaires.<\/span><\/p>\n\t\t\t\t\t\t\t\t<\/div>\n\t\t\t\t<\/div>\n\t\t<div class=\"elementor-element elementor-element-76ec75f e-con-full e-flex e-con e-child\" data-id=\"76ec75f\" data-element_type=\"container\">\n\t\t<div class=\"elementor-element elementor-element-c1a3fbc e-con-full e-flex e-con e-child\" data-id=\"c1a3fbc\" data-element_type=\"container\">\n\t\t\t\t<div class=\"elementor-element elementor-element-b9c0b5b elementor-widget-mobile__width-inherit elementor-invisible elementor-widget elementor-widget-text-editor\" data-id=\"b9c0b5b\" data-element_type=\"widget\" data-settings=\"{&quot;_animation&quot;:&quot;fadeIn&quot;}\" data-widget_type=\"text-editor.default\">\n\t\t\t\t<div class=\"elementor-widget-container\">\n\t\t\t\t\t\t\t\t\t<p>L\u2019ex\u00e9cutif formule des recommandations et veille \u00e0 la mise en \u0153uvre des politiques et au respect de la convention collective. Entre les assembl\u00e9es g\u00e9n\u00e9rales, le conseil d\u2019administration, \u00e9lu par les enseignants d\u2019un secteur donn\u00e9, est l\u2019instance d\u00e9cisionnelle. Les d\u00e9l\u00e9gu\u00e9s scolaires choisis par tous les membres du personnel au d\u00e9but de l\u2019ann\u00e9e scolaire ont le devoir tr\u00e8s important de communiquer votre point de vue au reste du syndicat et de vous repr\u00e9senter, \u00e0 titre individuel et collectif, dans les relations avec l\u2019administration scolaire.<br><span style=\"color: var( --e-global-color-text );\"><br>Chaque membre a le droit de s\u2019exprimer et de voter aux assembl\u00e9es g\u00e9n\u00e9rales. \u00c0 l\u2019assembl\u00e9e g\u00e9n\u00e9rale annuelle qui a lieu au printemps, on \u00e9tablit le budget et le montant de la cotisation pour l\u2019ann\u00e9e suivante. Cette derni\u00e8re s\u2019\u00e9l\u00e8ve actuellement \u00e0 0,79 % du salaire.<br><\/span><span style=\"color: var( --e-global-color-text );\"><br>Nous sommes affili\u00e9s \u00e0 l\u2019Association provinciale des enseignantes et enseignants du Qu\u00e9bec (APEQ). C\u2019est cette f\u00e9d\u00e9ration, en cartel avec la Centrale des syndicats du Qu\u00e9bec (CSQ), qui m\u00e8ne les n\u00e9gociations avec le gouvernement provincial et les associations de commissions scolaires. En plus d\u2019aider \u00e0 payer le co\u00fbt de notre entente de n\u00e9gociation avec la CSQ, les frais annuels de l\u2019APEQ permettent \u00e0 un employ\u00e9 d\u2019\u00eatre actif dans les syndicats locaux et favorisent les rencontres avec d\u2019autres enseignants anglophones et la prise de d\u00e9cisions en commun. En outre, l\u2019APEQ nous relie \u00e0 d\u2019autres enseignants canadiens par l\u2019interm\u00e9diaire de la F\u00e9d\u00e9ration canadienne des enseignantes et des enseignants (FCE).<br><\/span><span style=\"color: var( --e-global-color-text );\"><br>Afin de garder tous nos membres inform\u00e9s, nous publions p\u00e9riodiquement le<strong><a href=\"https:\/\/www.ltu.ca\/did-you-know\/\"> LTU Le saviez-vous ?<\/a><\/strong><\/span><\/p>\t\t\t\t\t\t\t\t<\/div>\n\t\t\t\t<\/div>\n\t\t\t\t<\/div>\n\t\t<div class=\"elementor-element elementor-element-deaf60e e-con-full e-flex e-con e-child\" data-id=\"deaf60e\" data-element_type=\"container\">\n\t\t\t\t<div class=\"elementor-element elementor-element-ad0e7d5 elementor-widget elementor-widget-image\" data-id=\"ad0e7d5\" data-element_type=\"widget\" data-widget_type=\"image.default\">\n\t\t\t\t<div class=\"elementor-widget-container\">\n\t\t\t\t\t\t\t\t\t\t\t\t\t\t\t<img loading=\"lazy\" decoding=\"async\" width=\"761\" height=\"900\" src=\"https:\/\/ltu.ca\/wp-content\/uploads\/2023\/11\/Region-map-1.jpg\" class=\"attachment-large size-large wp-image-865\" alt=\"\" srcset=\"https:\/\/ltu.ca\/wp-content\/uploads\/2023\/11\/Region-map-1.jpg 761w, https:\/\/ltu.ca\/wp-content\/uploads\/2023\/11\/Region-map-1-254x300.jpg 254w\" sizes=\"auto, (max-width: 761px) 100vw, 761px\" \/>\t\t\t\t\t\t\t\t\t\t\t\t\t\t\t<\/div>\n\t\t\t\t<\/div>\n\t\t\t\t<\/div>\n\t\t\t\t<\/div>\n\t\t\t\t\t<\/div>\n\t\t\t\t<\/div>\n\t\t<div class=\"elementor-element elementor-element-28978b8 e-flex e-con-boxed e-con e-parent\" data-id=\"28978b8\" data-element_type=\"container\" id=\"schools\" data-settings=\"{&quot;background_background&quot;:&quot;classic&quot;}\">\n\t\t\t\t\t<div class=\"e-con-inner\">\n\t\t\t\t<div class=\"elementor-element elementor-element-57166f9 elementor-widget elementor-widget-heading\" data-id=\"57166f9\" data-element_type=\"widget\" data-widget_type=\"heading.default\">\n\t\t\t\t<div class=\"elementor-widget-container\">\n\t\t\t\t\t<h3 class=\"elementor-heading-title elementor-size-default\">Nos \u00e9coles et notre territoire<\/h3>\t\t\t\t<\/div>\n\t\t\t\t<\/div>\n\t\t\t\t\t<\/div>\n\t\t\t\t<\/div>\n\t\t<div class=\"elementor-element elementor-element-99c518b e-con-full e-flex e-con e-parent\" data-id=\"99c518b\" data-element_type=\"container\">\n\t\t\t\t<div class=\"elementor-element elementor-element-1a9c720 elementor-widget elementor-widget-image\" data-id=\"1a9c720\" data-element_type=\"widget\" data-widget_type=\"image.default\">\n\t\t\t\t<div class=\"elementor-widget-container\">\n\t\t\t\t\t\t\t\t\t\t\t\t\t\t\t<img loading=\"lazy\" decoding=\"async\" width=\"3460\" height=\"1838\" src=\"https:\/\/ltu.ca\/wp-content\/uploads\/2024\/05\/Map-of-School-Board.png\" class=\"attachment-full size-full wp-image-1883\" alt=\"\" srcset=\"https:\/\/ltu.ca\/wp-content\/uploads\/2024\/05\/Map-of-School-Board.png 3460w, https:\/\/ltu.ca\/wp-content\/uploads\/2024\/05\/Map-of-School-Board-300x159.png 300w, https:\/\/ltu.ca\/wp-content\/uploads\/2024\/05\/Map-of-School-Board-1024x544.png 1024w, https:\/\/ltu.ca\/wp-content\/uploads\/2024\/05\/Map-of-School-Board-768x408.png 768w, https:\/\/ltu.ca\/wp-content\/uploads\/2024\/05\/Map-of-School-Board-1536x816.png 1536w, https:\/\/ltu.ca\/wp-content\/uploads\/2024\/05\/Map-of-School-Board-2048x1088.png 2048w\" sizes=\"auto, (max-width: 3460px) 100vw, 3460px\" \/>\t\t\t\t\t\t\t\t\t\t\t\t\t\t\t<\/div>\n\t\t\t\t<\/div>\n\t\t\t\t<\/div>\n\t\t<div class=\"elementor-element elementor-element-ef5cb1a e-con-full e-flex e-con e-parent\" data-id=\"ef5cb1a\" data-element_type=\"container\">\n\t\t\t\t<div class=\"elementor-element elementor-element-befcb4b elementor-widget elementor-widget-shortcode\" data-id=\"befcb4b\" data-element_type=\"widget\" data-widget_type=\"shortcode.default\">\n\t\t\t\t<div class=\"elementor-widget-container\">\n\t\t\t\t\t\t\t<div class=\"elementor-shortcode\">\t\t<div data-elementor-type=\"container\" data-elementor-id=\"1578\" class=\"elementor elementor-1578 elementor-692\" data-elementor-post-type=\"elementor_library\">\n\t\t\t\t<div class=\"elementor-element elementor-element-835f754 e-flex e-con-boxed e-con e-parent\" data-id=\"835f754\" data-element_type=\"container\" data-settings=\"{&quot;background_background&quot;:&quot;classic&quot;}\">\n\t\t\t\t\t<div class=\"e-con-inner\">\n\t\t\t\t<div class=\"elementor-element elementor-element-4bd1ac3c elementor-widget elementor-widget-heading\" data-id=\"4bd1ac3c\" data-element_type=\"widget\" data-widget_type=\"heading.default\">\n\t\t\t\t<div class=\"elementor-widget-container\">\n\t\t\t\t\t<h2 class=\"elementor-heading-title elementor-size-default\">Vous ne trouvez pas ce que vous cherchez ?<\/h2>\t\t\t\t<\/div>\n\t\t\t\t<\/div>\n\t\t\t\t<div class=\"elementor-element elementor-element-24699b51 elementor-widget__width-initial elementor-widget elementor-widget-text-editor\" data-id=\"24699b51\" data-element_type=\"widget\" data-widget_type=\"text-editor.default\">\n\t\t\t\t<div class=\"elementor-widget-container\">\n\t\t\t\t\t\t\t\t\t<p>Nous sommes l\u00e0 pour r\u00e9pondre \u00e0 vos questions et pr\u00e9occupations.<\/p>\n\t\t\t\t\t\t\t\t<\/div>\n\t\t\t\t<\/div>\n\t\t\t\t<div class=\"elementor-element elementor-element-2946dafc elementor-align-center elementor-widget elementor-widget-button\" data-id=\"2946dafc\" data-element_type=\"widget\" data-widget_type=\"button.default\">\n\t\t\t\t<div class=\"elementor-widget-container\">\n\t\t\t\t\t\t\t\t\t<div class=\"elementor-button-wrapper\">\n\t\t\t\t\t<a class=\"elementor-button elementor-button-link elementor-size-sm elementor-animation-grow\" href=\"https:\/\/ltu.ca\/stage\/fr\/nous-joindre\/\" target=\"_blank\">\n\t\t\t\t\t\t<span class=\"elementor-button-content-wrapper\">\n\t\t\t\t\t\t\t\t\t<span class=\"elementor-button-text\">Nous joindre<\/span>\n\t\t\t\t\t<\/span>\n\t\t\t\t\t<\/a>\n\t\t\t\t<\/div>\n\t\t\t\t\t\t\t\t<\/div>\n\t\t\t\t<\/div>\n\t\t\t\t\t<\/div>\n\t\t\t\t<\/div>\n\t\t\t\t<\/div>\n\t\t<\/div>\n\t\t\t\t\t\t<\/div>\n\t\t\t\t<\/div>\n\t\t\t\t<\/div>\n\t\t\t\t<\/div>\n\t\t","protected":false},"excerpt":{"rendered":"<p>\u00c0 propos du SEL \u00c0 la d\u00e9fense des enseignants depuis 1998 Notre histoire Notre syndicat est le fruit de la fusion, en 1998, de l\u2019Association des enseignants catholiques anglophones de Laval et du Syndicat des enseignants du Nord de l\u2019\u00cele.&nbsp; Anglophone \u00e0 l\u2019origine, notre commission scolaire a assum\u00e9 les responsabilit\u00e9s de huit commissions scolaires protestantes [&hellip;]<\/p>\n","protected":false},"author":2,"featured_media":0,"parent":0,"menu_order":0,"comment_status":"closed","ping_status":"closed","template":"elementor_header_footer","meta":{"footnotes":""},"class_list":["post-1568","page","type-page","status-publish","hentry"],"acf":[],"yoast_head":"<!-- This site is optimized with the Yoast SEO plugin v26.5 - https:\/\/yoast.com\/wordpress\/plugins\/seo\/ -->\n<title>\u00c0 propos du SEL - Laurier Teachers Union - LTU<\/title>\n<meta name=\"robots\" content=\"index, follow, max-snippet:-1, max-image-preview:large, max-video-preview:-1\" \/>\n<link rel=\"canonical\" href=\"https:\/\/ltu.ca\/fr\/a-propos-du-sel\/\" \/>\n<meta property=\"og:locale\" content=\"fr_FR\" \/>\n<meta property=\"og:type\" content=\"article\" \/>\n<meta property=\"og:title\" content=\"\u00c0 propos du SEL - Laurier Teachers Union - LTU\" \/>\n<meta property=\"og:description\" content=\"\u00c0 propos du SEL \u00c0 la d\u00e9fense des enseignants depuis 1998 Notre histoire Notre syndicat est le fruit de la fusion, en 1998, de l\u2019Association des enseignants catholiques anglophones de Laval et du Syndicat des enseignants du Nord de l\u2019\u00cele.&nbsp; Anglophone \u00e0 l\u2019origine, notre commission scolaire a assum\u00e9 les responsabilit\u00e9s de huit commissions scolaires protestantes [&hellip;]\" \/>\n<meta property=\"og:url\" content=\"https:\/\/ltu.ca\/fr\/a-propos-du-sel\/\" \/>\n<meta property=\"og:site_name\" content=\"Laurier Teachers Union - LTU\" \/>\n<meta property=\"article:modified_time\" content=\"2024-05-08T14:26:04+00:00\" \/>\n<meta property=\"og:image\" content=\"https:\/\/ltu.ca\/wp-content\/uploads\/2023\/11\/Region-map-1.jpg\" \/>\n<meta name=\"twitter:card\" content=\"summary_large_image\" \/>\n<meta name=\"twitter:label1\" content=\"Dur\u00e9e de lecture estim\u00e9e\" \/>\n\t<meta name=\"twitter:data1\" content=\"3 minutes\" \/>\n<script type=\"application\/ld+json\" class=\"yoast-schema-graph\">{\"@context\":\"https:\/\/schema.org\",\"@graph\":[{\"@type\":\"WebPage\",\"@id\":\"https:\/\/ltu.ca\/fr\/a-propos-du-sel\/\",\"url\":\"https:\/\/ltu.ca\/fr\/a-propos-du-sel\/\",\"name\":\"\u00c0 propos du SEL - Laurier Teachers Union - LTU\",\"isPartOf\":{\"@id\":\"https:\/\/ltu.ca\/fr\/#website\"},\"primaryImageOfPage\":{\"@id\":\"https:\/\/ltu.ca\/fr\/a-propos-du-sel\/#primaryimage\"},\"image\":{\"@id\":\"https:\/\/ltu.ca\/fr\/a-propos-du-sel\/#primaryimage\"},\"thumbnailUrl\":\"https:\/\/ltu.ca\/wp-content\/uploads\/2023\/11\/Region-map-1.jpg\",\"datePublished\":\"2023-11-20T01:04:26+00:00\",\"dateModified\":\"2024-05-08T14:26:04+00:00\",\"breadcrumb\":{\"@id\":\"https:\/\/ltu.ca\/fr\/a-propos-du-sel\/#breadcrumb\"},\"inLanguage\":\"fr-FR\",\"potentialAction\":[{\"@type\":\"ReadAction\",\"target\":[\"https:\/\/ltu.ca\/fr\/a-propos-du-sel\/\"]}]},{\"@type\":\"ImageObject\",\"inLanguage\":\"fr-FR\",\"@id\":\"https:\/\/ltu.ca\/fr\/a-propos-du-sel\/#primaryimage\",\"url\":\"https:\/\/ltu.ca\/wp-content\/uploads\/2023\/11\/Region-map-1.jpg\",\"contentUrl\":\"https:\/\/ltu.ca\/wp-content\/uploads\/2023\/11\/Region-map-1.jpg\"},{\"@type\":\"BreadcrumbList\",\"@id\":\"https:\/\/ltu.ca\/fr\/a-propos-du-sel\/#breadcrumb\",\"itemListElement\":[{\"@type\":\"ListItem\",\"position\":1,\"name\":\"Home\",\"item\":\"https:\/\/ltu.ca\/fr\/\"},{\"@type\":\"ListItem\",\"position\":2,\"name\":\"\u00c0 propos du SEL\"}]},{\"@type\":\"WebSite\",\"@id\":\"https:\/\/ltu.ca\/fr\/#website\",\"url\":\"https:\/\/ltu.ca\/fr\/\",\"name\":\"Laurier Teachers Union - LTU\",\"description\":\"The LTU is dedicated to keeping all our members informed with up-to-date rights in relation to workload, pedagogical matters and union activities.\",\"potentialAction\":[{\"@type\":\"SearchAction\",\"target\":{\"@type\":\"EntryPoint\",\"urlTemplate\":\"https:\/\/ltu.ca\/fr\/?s={search_term_string}\"},\"query-input\":{\"@type\":\"PropertyValueSpecification\",\"valueRequired\":true,\"valueName\":\"search_term_string\"}}],\"inLanguage\":\"fr-FR\"}]}<\/script>\n<!-- \/ Yoast SEO plugin. -->","yoast_head_json":{"title":"\u00c0 propos du SEL - Laurier Teachers Union - LTU","robots":{"index":"index","follow":"follow","max-snippet":"max-snippet:-1","max-image-preview":"max-image-preview:large","max-video-preview":"max-video-preview:-1"},"canonical":"https:\/\/ltu.ca\/fr\/a-propos-du-sel\/","og_locale":"fr_FR","og_type":"article","og_title":"\u00c0 propos du SEL - Laurier Teachers Union - LTU","og_description":"\u00c0 propos du SEL \u00c0 la d\u00e9fense des enseignants depuis 1998 Notre histoire Notre syndicat est le fruit de la fusion, en 1998, de l\u2019Association des enseignants catholiques anglophones de Laval et du Syndicat des enseignants du Nord de l\u2019\u00cele.&nbsp; Anglophone \u00e0 l\u2019origine, notre commission scolaire a assum\u00e9 les responsabilit\u00e9s de huit commissions scolaires protestantes [&hellip;]","og_url":"https:\/\/ltu.ca\/fr\/a-propos-du-sel\/","og_site_name":"Laurier Teachers Union - LTU","article_modified_time":"2024-05-08T14:26:04+00:00","og_image":[{"url":"https:\/\/ltu.ca\/wp-content\/uploads\/2023\/11\/Region-map-1.jpg","type":"","width":"","height":""}],"twitter_card":"summary_large_image","twitter_misc":{"Dur\u00e9e de lecture estim\u00e9e":"3 minutes"},"schema":{"@context":"https:\/\/schema.org","@graph":[{"@type":"WebPage","@id":"https:\/\/ltu.ca\/fr\/a-propos-du-sel\/","url":"https:\/\/ltu.ca\/fr\/a-propos-du-sel\/","name":"\u00c0 propos du SEL - Laurier Teachers Union - LTU","isPartOf":{"@id":"https:\/\/ltu.ca\/fr\/#website"},"primaryImageOfPage":{"@id":"https:\/\/ltu.ca\/fr\/a-propos-du-sel\/#primaryimage"},"image":{"@id":"https:\/\/ltu.ca\/fr\/a-propos-du-sel\/#primaryimage"},"thumbnailUrl":"https:\/\/ltu.ca\/wp-content\/uploads\/2023\/11\/Region-map-1.jpg","datePublished":"2023-11-20T01:04:26+00:00","dateModified":"2024-05-08T14:26:04+00:00","breadcrumb":{"@id":"https:\/\/ltu.ca\/fr\/a-propos-du-sel\/#breadcrumb"},"inLanguage":"fr-FR","potentialAction":[{"@type":"ReadAction","target":["https:\/\/ltu.ca\/fr\/a-propos-du-sel\/"]}]},{"@type":"ImageObject","inLanguage":"fr-FR","@id":"https:\/\/ltu.ca\/fr\/a-propos-du-sel\/#primaryimage","url":"https:\/\/ltu.ca\/wp-content\/uploads\/2023\/11\/Region-map-1.jpg","contentUrl":"https:\/\/ltu.ca\/wp-content\/uploads\/2023\/11\/Region-map-1.jpg"},{"@type":"BreadcrumbList","@id":"https:\/\/ltu.ca\/fr\/a-propos-du-sel\/#breadcrumb","itemListElement":[{"@type":"ListItem","position":1,"name":"Home","item":"https:\/\/ltu.ca\/fr\/"},{"@type":"ListItem","position":2,"name":"\u00c0 propos du SEL"}]},{"@type":"WebSite","@id":"https:\/\/ltu.ca\/fr\/#website","url":"https:\/\/ltu.ca\/fr\/","name":"Laurier Teachers Union - LTU","description":"The LTU is dedicated to keeping all our members informed with up-to-date rights in relation to workload, pedagogical matters and union activities.","potentialAction":[{"@type":"SearchAction","target":{"@type":"EntryPoint","urlTemplate":"https:\/\/ltu.ca\/fr\/?s={search_term_string}"},"query-input":{"@type":"PropertyValueSpecification","valueRequired":true,"valueName":"search_term_string"}}],"inLanguage":"fr-FR"}]}},"_links":{"self":[{"href":"https:\/\/ltu.ca\/fr\/wp-json\/wp\/v2\/pages\/1568","targetHints":{"allow":["GET"]}}],"collection":[{"href":"https:\/\/ltu.ca\/fr\/wp-json\/wp\/v2\/pages"}],"about":[{"href":"https:\/\/ltu.ca\/fr\/wp-json\/wp\/v2\/types\/page"}],"author":[{"embeddable":true,"href":"https:\/\/ltu.ca\/fr\/wp-json\/wp\/v2\/users\/2"}],"replies":[{"embeddable":true,"href":"https:\/\/ltu.ca\/fr\/wp-json\/wp\/v2\/comments?post=1568"}],"version-history":[{"count":12,"href":"https:\/\/ltu.ca\/fr\/wp-json\/wp\/v2\/pages\/1568\/revisions"}],"predecessor-version":[{"id":1889,"href":"https:\/\/ltu.ca\/fr\/wp-json\/wp\/v2\/pages\/1568\/revisions\/1889"}],"wp:attachment":[{"href":"https:\/\/ltu.ca\/fr\/wp-json\/wp\/v2\/media?parent=1568"}],"curies":[{"name":"wp","href":"https:\/\/api.w.org\/{rel}","templated":true}]}}